{"id":11,"date":"2024-09-15T02:14:10","date_gmt":"2024-09-15T05:14:10","guid":{"rendered":"https:\/\/ninacordeiro.com\/?page_id=11"},"modified":"2025-02-03T17:07:22","modified_gmt":"2025-02-03T20:07:22","slug":"sobre","status":"publish","type":"page","link":"https:\/\/ninacordeiro.com\/en\/sobre\/","title":{"rendered":"About"},"content":{"rendered":"<div data-elementor-type=\"wp-page\" data-elementor-id=\"11\" class=\"elementor elementor-11\" data-elementor-post-type=\"page\">\n\t\t\t\t<div class=\"elementor-element elementor-element-6b741bb e-flex e-con-boxed e-con e-parent\" data-id=\"6b741bb\" data-element_type=\"container\" data-settings=\"{&quot;background_background&quot;:&quot;classic&quot;}\">\n\t\t\t\t\t<div class=\"e-con-inner\">\n\t\t\t\t<div class=\"elementor-element elementor-element-80abd8b elementor-widget elementor-widget-heading\" data-id=\"80abd8b\" data-element_type=\"widget\" data-widget_type=\"heading.default\">\n\t\t\t\t<div class=\"elementor-widget-container\">\n\t\t\t\t\t<h2 class=\"elementor-heading-title elementor-size-default\">About<\/h2>\t\t\t\t<\/div>\n\t\t\t\t<\/div>\n\t\t<div class=\"elementor-element elementor-element-690aeb5 e-con-full e-flex e-con e-child\" data-id=\"690aeb5\" data-element_type=\"container\">\n\t\t\t\t<div class=\"elementor-element elementor-element-e016233 elementor-widget__width-initial elementor-widget elementor-widget-image\" data-id=\"e016233\" data-element_type=\"widget\" data-widget_type=\"image.default\">\n\t\t\t\t<div class=\"elementor-widget-container\">\n\t\t\t\t\t\t\t\t\t\t\t\t\t\t\t<img fetchpriority=\"high\" decoding=\"async\" width=\"1080\" height=\"1080\" src=\"https:\/\/ninacordeiro.com\/wp-content\/uploads\/2024\/10\/my-portrait-by-nina-cordeiro.webp\" class=\"attachment-full size-full wp-image-548\" alt=\"\" srcset=\"https:\/\/ninacordeiro.com\/wp-content\/uploads\/2024\/10\/my-portrait-by-nina-cordeiro.webp 1080w, https:\/\/ninacordeiro.com\/wp-content\/uploads\/2024\/10\/my-portrait-by-nina-cordeiro-300x300.webp 300w, https:\/\/ninacordeiro.com\/wp-content\/uploads\/2024\/10\/my-portrait-by-nina-cordeiro-1024x1024.webp 1024w, https:\/\/ninacordeiro.com\/wp-content\/uploads\/2024\/10\/my-portrait-by-nina-cordeiro-150x150.webp 150w, https:\/\/ninacordeiro.com\/wp-content\/uploads\/2024\/10\/my-portrait-by-nina-cordeiro-768x768.webp 768w\" sizes=\"(max-width: 1080px) 100vw, 1080px\" \/>\t\t\t\t\t\t\t\t\t\t\t\t\t\t\t<\/div>\n\t\t\t\t<\/div>\n\t\t\t\t<div class=\"elementor-element elementor-element-de08774 elementor-widget__width-initial elementor-widget elementor-widget-text-editor\" data-id=\"de08774\" data-element_type=\"widget\" data-widget_type=\"text-editor.default\">\n\t\t\t\t<div class=\"elementor-widget-container\">\n\t\t\t\t\t\t\t\t\t<p>\u00a0 \u00a0Brazillian illustrator passionate for art and fantasy, I have been working for over five years with illustrations for the literary industry, creating projects for book covers and marketing arts.<\/p><p>\u00a0 \u00a0Over the years I have been working with a variety of clients, including authors such as April Kroes, Amanda Maia, Brooke Mars and J\u00e9ssica Batista.<\/p><p><span style=\"color: var( --e-global-color-dd41b08 ); background-color: var( --e-global-color-a6976a8 ); font-size: 1rem;\">\u00a0 \u00a0In the free time, one of the things I most like is play video games, watch series, and drink a good coffee with cake.<\/span><\/p>\t\t\t\t\t\t\t\t<\/div>\n\t\t\t\t<\/div>\n\t\t\t\t<\/div>\n\t\t\t\t\t<\/div>\n\t\t\t\t<\/div>\n\t\t\t\t<\/div>","protected":false},"excerpt":{"rendered":"<p>Quem sou eu? \u00a0 \u00a0Ilustradora carioca apaixonada por arte e fantasia, tenho trabalhado h\u00e1 mais de cinco anos com ilustra\u00e7\u00f5es para o mercado liter\u00e1rio, criando projetos voltados para capas de livros e marketing. \u00a0 \u00a0Ao longo desses anos j\u00e1 pude trabalhar com variados clientes, dentre eles, autoras como April Kroes, Amanda Maia, Brooke Mars e [&hellip;]<\/p>","protected":false},"author":1,"featured_media":0,"parent":0,"menu_order":0,"comment_status":"closed","ping_status":"closed","template":"","meta":{"footnotes":""},"class_list":["post-11","page","type-page","status-publish","hentry"],"_links":{"self":[{"href":"https:\/\/ninacordeiro.com\/en\/wp-json\/wp\/v2\/pages\/11","targetHints":{"allow":["GET"]}}],"collection":[{"href":"https:\/\/ninacordeiro.com\/en\/wp-json\/wp\/v2\/pages"}],"about":[{"href":"https:\/\/ninacordeiro.com\/en\/wp-json\/wp\/v2\/types\/page"}],"author":[{"embeddable":true,"href":"https:\/\/ninacordeiro.com\/en\/wp-json\/wp\/v2\/users\/1"}],"replies":[{"embeddable":true,"href":"https:\/\/ninacordeiro.com\/en\/wp-json\/wp\/v2\/comments?post=11"}],"version-history":[{"count":94,"href":"https:\/\/ninacordeiro.com\/en\/wp-json\/wp\/v2\/pages\/11\/revisions"}],"predecessor-version":[{"id":820,"href":"https:\/\/ninacordeiro.com\/en\/wp-json\/wp\/v2\/pages\/11\/revisions\/820"}],"wp:attachment":[{"href":"https:\/\/ninacordeiro.com\/en\/wp-json\/wp\/v2\/media?parent=11"}],"curies":[{"name":"wp","href":"https:\/\/api.w.org\/{rel}","templated":true}]}}